{"id":87,"date":"2017-11-19T09:01:44","date_gmt":"2017-11-19T08:01:44","guid":{"rendered":"http:\/\/www.blasorchester-dresden.de\/?page_id=87"},"modified":"2024-10-19T21:25:44","modified_gmt":"2024-10-19T19:25:44","slug":"impressum","status":"publish","type":"page","link":"https:\/\/www.blasorchester-dresden.de\/?page_id=87","title":{"rendered":"Impressum"},"content":{"rendered":"<h2><span style=\"font-size: small;\">gem\u00e4\u00df \u00a7 5 TMG:<\/span><\/h2>\n<div align=\"left\"><span style=\"font-size: small;\">Musikverein\u00a0Dresden 71\u00a0e. V. <\/span><\/div>\n<div align=\"left\"><span style=\"font-size: small;\">Altcosch\u00fctz 10b<br \/>\n<\/span><\/div>\n<div align=\"left\"><span style=\"font-size: small;\">01189\u00a0 Dresden<\/span><\/div>\n<div align=\"left\"><\/div>\n<div>\n<div align=\"left\"><span style=\"font-size: small;\"><strong>Vertreten durch:<\/strong> <\/span><\/div>\n<div align=\"left\"><span style=\"font-size: small;\">1. Vorsitzender:\u00a0 Roland M\u00fcller<br \/>\n<\/span><\/div>\n<div align=\"left\"><span style=\"font-size: small;\">2. Vorsitzende:\u00a0\u00a0 Christfried Adam<br \/>\n<\/span><\/div>\n<div align=\"left\"><\/div>\n<div align=\"left\"><span style=\"font-size: small;\"><strong>Kontakt:<\/strong> <\/span><\/div>\n<div align=\"left\"><span style=\"font-size: small;\">E-Mail: blasorchester.dresden@gmail.com<\/span><\/div>\n<div align=\"left\"><\/div>\n<div align=\"left\"><span style=\"font-size: small;\"><strong>Registereintrag:<\/strong> <\/span><\/div>\n<div align=\"left\"><span style=\"font-size: small;\">Eintragung im\u00a0 Vereinsregister\u00a0 <\/span><\/div>\n<div align=\"left\"><span style=\"font-size: small;\">Registergericht: Amtsgericht\u00a0 Dresden<\/span><\/div>\n<div align=\"left\"><span style=\"font-size: small;\">Registernummer: 293<\/span><\/div>\n<div align=\"left\"><\/div>\n<div align=\"left\"><span style=\"font-size: small;\"><strong>Verantwortlich f\u00fcr den\u00a0 Inhalt nach \u00a7 55 Abs. 2 RStV:<\/strong><\/span><\/div>\n<div align=\"left\"><span style=\"font-size: small;\">Musikverein Dresden 71 e.V.<\/span><\/div>\n<div align=\"left\"><\/div>\n<div align=\"left\">\n<p><span style=\"font-size: small;\"><strong>Verantwortlich f\u00fcr die technische Realisierung:<\/strong><\/span><br \/>\n<span style=\"font-size: small;\">Isabel Dzierson<br \/>\n<\/span><\/p>\n<div align=\"left\"><\/div>\n<p><span style=\"font-size: small;\"><strong>Haftung f\u00fcr Inhalte<\/strong><\/span><\/p>\n<p><span style=\"font-size: small;\">Die Inhalte unserer Seiten wurden mit gr\u00f6\u00dfter Sorgfalt erstellt. F\u00fcr die Richtigkeit, Vollst\u00e4ndigkeit und Aktualit\u00e4t der Inhalte k\u00f6nnen wir jedoch keine Gew\u00e4hr \u00fcbernehmen.<\/span><\/p>\n<p><span style=\"font-size: small;\">Als Diensteanbieter sind wir gem\u00e4\u00df \u00a7 6 Abs.1 MDStV und \u00a7 8 Abs.1 TDG f\u00fcr eigene Inhalte auf diesen Seiten nach den allgemeinen Gesetzen verantwortlich.\u00a0 Diensteanbieter sind jedoch nicht verpflichtet, die von ihnen \u00fcbermittelten oder gespeicherten fremden Informationen zu \u00fcberwachen oder nach Umst\u00e4nden zu forschen, die auf eine rechtswidrige T\u00e4tigkeit hinweisen.\u00a0 Verpflichtungen zur Entfernung oder Sperrung der Nutzung von Informationen nach den allgemeinen Gesetzen bleiben hiervon unber\u00fchrt.\u00a0 Eine diesbez\u00fcgliche Haftung ist jedoch erst ab dem Zeitpunkt der Kenntnis einer konkreten Rechtsverletzung m\u00f6glich.\u00a0 Bei bekannt werden von entsprechenden Rechtsverletzungen werden wir diese Inhalte umgehend entfernen.<\/span><\/p>\n<p><span style=\"font-size: small;\"><strong>Haftung f\u00fcr Links<\/strong><\/span><\/p>\n<p><span style=\"font-size: small;\">Unser Angebot enth\u00e4lt Links zu externen Webseiten Dritter, auf deren Inhalte wir keinen Einfluss haben.\u00a0 Deshalb k\u00f6nnen wir f\u00fcr diese fremden Inhalte auch keine Gew\u00e4hr \u00fcbernehmen.\u00a0 F\u00fcr die Inhalte der verlinkten Seiten ist stets der jeweilige Anbieter oder Betreiber der Seiten verantwortlich.\u00a0 Die verlinkten Seiten wurden zum Zeitpunkt der Verlinkung auf m\u00f6gliche Rechtsverst\u00f6\u00dfe \u00fcberpr\u00fcft.\u00a0 Rechtswidrige Inhalte waren zum Zeitpunkt der Verlinkung nicht erkennbar.\u00a0 Eine permanente inhaltliche Kontrolle der verlinkten Seiten ist jedoch ohne konkrete Anhaltspunkte einer Rechtsverletzung nicht zumutbar.\u00a0 Bei bekannt werden von Rechtsverletzungen werden wir derartige Links umgehend entfernen.<\/span><\/p>\n<p><span style=\"font-size: small;\"><strong>Urheberrecht<\/strong><\/span><\/p>\n<p><span style=\"font-size: small;\">Die Betreiber der Seiten sind bem\u00fcht, stets die Urheberrechte anderer zu beachten bzw. auf selbst erstellte sowie lizenzfreie Werke zur\u00fcckzugreifen. Die durch die Seitenbetreiber erstellten Inhalte und Werke auf diesen Seiten unterliegen dem deutschen Urheberrecht.\u00a0 Beitr\u00e4ge Dritter sind als solche gekennzeichnet.\u00a0 Die Vervielf\u00e4ltigung, Bearbeitung, Verbreitung und jede Art der Verwertung au\u00dferhalb der Grenzen des Urheberrechtes bed\u00fcrfen der schriftlichen Zustimmung des jeweiligen Autors bzw. Erstellers.\u00a0 Downloads und Kopien dieser Seite sind nur f\u00fcr den privaten, nicht kommerziellen Gebrauch gestattet.<\/span><\/p>\n<p><span style=\"font-size: small;\"><strong>Datenschutz <\/strong><\/span><\/p>\n<p><span style=\"font-size: small;\">Soweit auf unseren Seiten personenbezogene Daten (beispielsweise Name, Anschrift oder eMail-Adressen) erhoben werden, erfolgt dies soweit m\u00f6glich stets auf freiwilliger Basis.\u00a0 Die Nutzung der Angebote und Dienste ist, soweit m\u00f6glich, stets ohne Angabe personenbezogener Daten m\u00f6glich. Der Nutzung von im Rahmen der Impressumspflicht ver\u00f6ffentlichten Kontaktdaten durch Dritte zur \u00dcbersendung von nicht ausdr\u00fccklich angeforderter Werbung und Informationsmaterialien wird hiermit ausdr\u00fccklich widersprochen.\u00a0 Die Betreiber der Seiten behalten sich ausdr\u00fccklich rechtliche Schritte im Falle der unverlangten Zusendung von Werbeinformationen, etwa durch Spam-Mails, vor.<\/span><\/p>\n<\/div>\n<\/div>\n","protected":false},"excerpt":{"rendered":"<p>gem\u00e4\u00df \u00a7 5 TMG: Musikverein\u00a0Dresden 71\u00a0e. V. Altcosch\u00fctz 10b 01189\u00a0 Dresden Vertreten durch: 1. Vorsitzender:\u00a0 Roland M\u00fcller 2. Vorsitzende:\u00a0\u00a0 Christfried Adam Kontakt: E-Mail: blasorchester.dresden@gmail.com Registereintrag: [&#8230;]<\/p>\n","protected":false},"author":1,"featured_media":0,"parent":0,"menu_order":0,"comment_status":"closed","ping_status":"closed","template":"","meta":{"footnotes":""},"_links":{"self":[{"href":"https:\/\/www.blasorchester-dresden.de\/index.php?rest_route=\/wp\/v2\/pages\/87"}],"collection":[{"href":"https:\/\/www.blasorchester-dresden.de\/index.php?rest_route=\/wp\/v2\/pages"}],"about":[{"href":"https:\/\/www.blasorchester-dresden.de\/index.php?rest_route=\/wp\/v2\/types\/page"}],"author":[{"embeddable":true,"href":"https:\/\/www.blasorchester-dresden.de\/index.php?rest_route=\/wp\/v2\/users\/1"}],"replies":[{"embeddable":true,"href":"https:\/\/www.blasorchester-dresden.de\/index.php?rest_route=%2Fwp%2Fv2%2Fcomments&post=87"}],"version-history":[{"count":21,"href":"https:\/\/www.blasorchester-dresden.de\/index.php?rest_route=\/wp\/v2\/pages\/87\/revisions"}],"predecessor-version":[{"id":2499,"href":"https:\/\/www.blasorchester-dresden.de\/index.php?rest_route=\/wp\/v2\/pages\/87\/revisions\/2499"}],"wp:attachment":[{"href":"https:\/\/www.blasorchester-dresden.de\/index.php?rest_route=%2Fwp%2Fv2%2Fmedia&parent=87"}],"curies":[{"name":"wp","href":"https:\/\/api.w.org\/{rel}","templated":true}]}}