{"id":53,"date":"2016-06-14T08:15:35","date_gmt":"2016-06-14T06:15:35","guid":{"rendered":"http:\/\/www.blasorchester-dresden.de\/?page_id=53"},"modified":"2024-12-03T19:56:47","modified_gmt":"2024-12-03T18:56:47","slug":"repertoire-2","status":"publish","type":"page","link":"https:\/\/www.blasorchester-dresden.de\/?page_id=53","title":{"rendered":"Repertoire"},"content":{"rendered":"<p>Seit der Gr\u00fcndung im Jahr 1971 erfreuen wir unsere Zuh\u00f6rer mit unserem gro\u00dfen musikalischem Repertoire, das von traditioneller Blasmusik, \u00fcber Big-Band-Sound bis hin zu M\u00e4rschen, Musical-Melodien, Walzerkl\u00e4ngen\u00a0sowie Rock- und Pop-Songs reicht.<\/p>\n<p>Hier einige Beispiele aus unserem Repertoire:<\/p>\n<p><strong>Rock, Pop, Musical, Filmmusik, Latin, Schlager<\/strong><br \/>\nBaby it&#8217;s cold outside<br \/>\nBilly-Boy<br \/>\nCan&#8217;t take my eyes off of you<br \/>\nCome fly with me<br \/>\nCindarellas&#8217;s Dance<br \/>\nCuban sound<br \/>\nDankesch\u00f6n, Bert K\u00e4mpfert<br \/>\nDob&#8217;s Boogie<br \/>\nDu hast den Farbfilm vergessen<br \/>\nFly me to the moon<br \/>\nF\u00fcr mich soll&#8217;s rote Rosen regnen<br \/>\nFrank Sinatra in Concert<br \/>\nGershwin in Concert<br \/>\nGloria Estafette<br \/>\nHallelujah<br \/>\nHappy Marching Band Nr. 1\/2<br \/>\nHave you met Mrs. Jones<br \/>\nHerb Alpert Golden Hits<br \/>\nHouse of the rising sun<br \/>\nHinterm Horizont<br \/>\nIt&#8217;s raining man<br \/>\nI will survive<br \/>\nIt had better be tonight<br \/>\nKentucky Boys<br \/>\nLa camisa negra<br \/>\nLa Paloma<br \/>\nLemon Tree<br \/>\nLibertango<br \/>\nMas que nada<br \/>\nMancini magic<br \/>\nManiac<br \/>\nMusic<br \/>\nParis Montmartre<br \/>\nPetersburger Schlittenfahrt<br \/>\nQueen Greatest Hits<br \/>\nSantiano Rock von der K\u00fcste<br \/>\nSinatra in Concert<br \/>\nSing Sing Sing<br \/>\nSt. Louis Blues<br \/>\nSwinging the Sleeves<br \/>\nTango pour claude<br \/>\nTie a yellow ribbon round the ole oak tree<br \/>\nToccata in d-Minor<br \/>\nThe best of Zucchero<br \/>\nThe Lion King<br \/>\nThe Lord of the dance<br \/>\nUdo J\u00fcrgens live<br \/>\nVenus<br \/>\nVlatava<br \/>\nWhen the rain begins to fall<br \/>\nYMCA<br \/>\nZorba&#8217;s dance<br \/>\n80er Kult(tour)<\/p>\n<p><strong>M\u00e4rsche und Polkas<\/strong><br \/>\nAlte Kameraden<br \/>\nAuf der Vogelwiese<br \/>\nBerliner Luft<br \/>\nB\u00f6hmischer Traum<br \/>\nDeutschmeister Regimentsmarsch<br \/>\nErzherzog Albrecht Marsch<br \/>\nFliegermarsch<br \/>\nGablonzer Perlen<br \/>\nGru\u00df an Sumava<br \/>\nGr\u00fc\u00dfe aus dem Egerland<br \/>\nLaridah<br \/>\nMaccatildenmarsch<br \/>\nMarianske Lazne<br \/>\nRosamunde<br \/>\nSteigermarsch<\/p>\n<p>Unser abwechslungsreiches 60 min\u00fctiges <b> Weihnachtsprogramm <\/b> umfasst Weihnachtslieder traditionell\u00a0 vierstimmig vorgetragen, aber auch modern arrangierte Weihnachtsmelodien.\u00a0 Also von \u201eO Tannenbaum\u201c und \u201eMorgen kommt der Weihnachtsmann\u201c \u00fcber den \u201eSchneewalzer\u201c und\u00a0 \u201eRudolph, the Red-Nosed Reindeer\u201c bis zu \u201eFeliz Navidad\u201c.<\/p>\n","protected":false},"excerpt":{"rendered":"<p>Seit der Gr\u00fcndung im Jahr 1971 erfreuen wir unsere Zuh\u00f6rer mit unserem gro\u00dfen musikalischem Repertoire, das von traditioneller Blasmusik, \u00fcber Big-Band-Sound bis hin zu M\u00e4rschen, [&#8230;]<\/p>\n","protected":false},"author":1,"featured_media":0,"parent":0,"menu_order":0,"comment_status":"closed","ping_status":"closed","template":"","meta":{"footnotes":""},"_links":{"self":[{"href":"https:\/\/www.blasorchester-dresden.de\/index.php?rest_route=\/wp\/v2\/pages\/53"}],"collection":[{"href":"https:\/\/www.blasorchester-dresden.de\/index.php?rest_route=\/wp\/v2\/pages"}],"about":[{"href":"https:\/\/www.blasorchester-dresden.de\/index.php?rest_route=\/wp\/v2\/types\/page"}],"author":[{"embeddable":true,"href":"https:\/\/www.blasorchester-dresden.de\/index.php?rest_route=\/wp\/v2\/users\/1"}],"replies":[{"embeddable":true,"href":"https:\/\/www.blasorchester-dresden.de\/index.php?rest_route=%2Fwp%2Fv2%2Fcomments&post=53"}],"version-history":[{"count":56,"href":"https:\/\/www.blasorchester-dresden.de\/index.php?rest_route=\/wp\/v2\/pages\/53\/revisions"}],"predecessor-version":[{"id":2524,"href":"https:\/\/www.blasorchester-dresden.de\/index.php?rest_route=\/wp\/v2\/pages\/53\/revisions\/2524"}],"wp:attachment":[{"href":"https:\/\/www.blasorchester-dresden.de\/index.php?rest_route=%2Fwp%2Fv2%2Fmedia&parent=53"}],"curies":[{"name":"wp","href":"https:\/\/api.w.org\/{rel}","templated":true}]}}