{"id":328,"date":"2016-06-13T10:10:27","date_gmt":"2016-06-13T08:10:27","guid":{"rendered":"http:\/\/www.blasorchester-dresden.de\/?page_id=328"},"modified":"2024-12-03T20:07:04","modified_gmt":"2024-12-03T19:07:04","slug":"vorstand-2","status":"publish","type":"page","link":"https:\/\/www.blasorchester-dresden.de\/?page_id=328","title":{"rendered":"Vorstand"},"content":{"rendered":"<p>Die Hauptaufgabe des Vorstandes besteht in der allseitigen F\u00fchrung des Vereins und der ordnungsgem\u00e4\u00dfen Abwicklung seiner Gesch\u00e4fte.\u00a0 Er beschlie\u00dft \u00fcber alle Angelegenheiten des Vereinslebens, soweit nach dem Statut nicht die Vollversammlung zust\u00e4ndig ist.<br \/>\nEr wird f\u00fcr die Zeit von zwei Jahren gew\u00e4hlt.<\/p>\n<p><img loading=\"lazy\" decoding=\"async\" class=\"size-medium wp-image-1493 alignleft\" src=\"http:\/\/www.blasorchester-dresden.de\/wp-content\/uploads\/Orchester-Elbflorenz-1-Kopie-300x200.jpg\" alt=\"Orchester Elbflorenz-1 - Kopie\" width=\"300\" height=\"200\" srcset=\"https:\/\/www.blasorchester-dresden.de\/wp-content\/uploads\/Orchester-Elbflorenz-1-Kopie-300x200.jpg 300w, https:\/\/www.blasorchester-dresden.de\/wp-content\/uploads\/Orchester-Elbflorenz-1-Kopie-768x512.jpg 768w, https:\/\/www.blasorchester-dresden.de\/wp-content\/uploads\/Orchester-Elbflorenz-1-Kopie.jpg 1024w\" sizes=\"(max-width: 300px) 100vw, 300px\" \/><\/p>\n<p style=\"padding-left: 330px;\">1. Vorsitzender: Roland M\u00fcller<br \/>\n2. Vorsitzende: Christfried Adam<br \/>\nDirigent: Tom J\u00e4hrig<br \/>\nRevisionskommission: Petra Russy<br \/>\nWerbung: Marita Richter<\/p>\n","protected":false},"excerpt":{"rendered":"<p>Die Hauptaufgabe des Vorstandes besteht in der allseitigen F\u00fchrung des Vereins und der ordnungsgem\u00e4\u00dfen Abwicklung seiner Gesch\u00e4fte.\u00a0 Er beschlie\u00dft \u00fcber alle Angelegenheiten des Vereinslebens, soweit [&#8230;]<\/p>\n","protected":false},"author":1,"featured_media":0,"parent":0,"menu_order":0,"comment_status":"closed","ping_status":"closed","template":"","meta":{"footnotes":""},"_links":{"self":[{"href":"https:\/\/www.blasorchester-dresden.de\/index.php?rest_route=\/wp\/v2\/pages\/328"}],"collection":[{"href":"https:\/\/www.blasorchester-dresden.de\/index.php?rest_route=\/wp\/v2\/pages"}],"about":[{"href":"https:\/\/www.blasorchester-dresden.de\/index.php?rest_route=\/wp\/v2\/types\/page"}],"author":[{"embeddable":true,"href":"https:\/\/www.blasorchester-dresden.de\/index.php?rest_route=\/wp\/v2\/users\/1"}],"replies":[{"embeddable":true,"href":"https:\/\/www.blasorchester-dresden.de\/index.php?rest_route=%2Fwp%2Fv2%2Fcomments&post=328"}],"version-history":[{"count":53,"href":"https:\/\/www.blasorchester-dresden.de\/index.php?rest_route=\/wp\/v2\/pages\/328\/revisions"}],"predecessor-version":[{"id":2526,"href":"https:\/\/www.blasorchester-dresden.de\/index.php?rest_route=\/wp\/v2\/pages\/328\/revisions\/2526"}],"wp:attachment":[{"href":"https:\/\/www.blasorchester-dresden.de\/index.php?rest_route=%2Fwp%2Fv2%2Fmedia&parent=328"}],"curies":[{"name":"wp","href":"https:\/\/api.w.org\/{rel}","templated":true}]}}